{"id":20459,"date":"2018-05-08T08:34:07","date_gmt":"2018-05-08T08:34:07","guid":{"rendered":"http:\/\/www.siderpali.net\/product\/pali-conici-da-lamiera-a-sezione-ottagonale-diritti-pni-5500-3\/"},"modified":"2018-06-21T13:47:12","modified_gmt":"2018-06-21T13:47:12","slug":"straight-conical-poles-from-sheet-metal-to-octagonal-section-pni-5500-3","status":"publish","type":"product","link":"https:\/\/www.siderpali.net\/en\/product\/straight-conical-poles-from-sheet-metal-to-octagonal-section-pni-5500-3\/","title":{"rendered":"Straight conical poles from sheet metal to octagonal section  PNI 5500\/3"},"content":{"rendered":"<\/p>\n<div class=\"table-1\">\n<table style=\"height: 30px;\" width=\"818\">\n<thead>\n<tr>\n<th align=\"left\">L mm<\/th>\n<th align=\"left\">H mm<\/th>\n<th align=\"left\">D mm<\/th>\n<th align=\"left\">\u00a0d mm<\/th>\n<th align=\"left\">P Kg<\/th>\n<th align=\"left\">\u00a0S m<sup>2<\/sup><\/th>\n<th align=\"left\">\u00d8 mm<\/th>\n<th align=\"left\">i mm<\/th>\n<th align=\"left\">I mm<\/th>\n<th align=\"left\">p mm<\/th>\n<\/tr>\n<\/thead>\n<tbody>\n<tr>\n<td align=\"left\">5500<\/td>\n<td align=\"left\">5000<\/td>\n<td align=\"left\">117<\/td>\n<td align=\"left\">60<\/td>\n<td align=\"left\">37<\/td>\n<td align=\"left\">1,5<\/td>\n<td align=\"left\">250<\/td>\n<td align=\"left\">800<\/td>\n<td align=\"left\">850<\/td>\n<td align=\"left\">500<\/td>\n<\/tr>\n<\/tbody>\n<\/table>\n<\/div>\n<p>\n<p>&nbsp;<\/p>\n<\/p>\n<div class=\"table-1\">\n<table style=\"height: 20px;\" width=\"150\">\n<thead>\n<tr>\n<th class=\"th-custom\" colspan=\"4\" align=\"center\">zona 1 (max 1000 m s.l.m.)<br \/>\nzona 2 (max 750 m s.l.m.)<br \/>\nVref0 25 m\/s<\/th>\n<th class=\"th-custom\" colspan=\"4\" align=\"center\">zona 3 (max 500 m s.l.m.)<br \/>\nVref0 27 m\/s<\/th>\n<th class=\"th-custom\" colspan=\"4\" align=\"center\">zona 4-6 (max 500 m s.l.m.)<br \/>\nzona 5 (max 750 m s.l.m.)<br \/>\nVref0 28 m\/s<\/th>\n<th class=\"th-custom\" colspan=\"4\" align=\"center\">zona 7 (max 1000 m s.l.m.)<br \/>\nVref0 29 m\/s<\/th>\n<th class=\"th-custom\" colspan=\"4\" align=\"center\">zona 8 (max 1500 m s.l.m.)<br \/>\nzona 9 (max 500 m s.l.m.)<br \/>\nVref0 31 m\/s<\/th>\n<\/tr>\n<tr>\n<th align=\"center\">I<\/th>\n<th align=\"center\">II<\/th>\n<th align=\"center\">III<\/th>\n<th align=\"center\">IV<\/th>\n<th align=\"center\">I<\/th>\n<th align=\"center\">II<\/th>\n<th align=\"center\">III<\/th>\n<th align=\"center\">IV<\/th>\n<th align=\"center\">I<\/th>\n<th align=\"center\">II<\/th>\n<th align=\"center\">III<\/th>\n<th align=\"center\">IV<\/th>\n<th align=\"center\">I<\/th>\n<th align=\"center\">II<\/th>\n<th align=\"center\">III<\/th>\n<th align=\"center\">IV<\/th>\n<th align=\"center\">I<\/th>\n<th align=\"center\">II<\/th>\n<th align=\"center\">III<\/th>\n<th align=\"center\">IV<\/th>\n<\/tr>\n<\/thead>\n<tbody>\n<tr>\n<td align=\"left\">0,43<\/td>\n<td align=\"left\">0,54<\/td>\n<td align=\"left\">0,64<\/td>\n<td align=\"left\">0,67<\/td>\n<td align=\"left\">0,35<\/td>\n<td align=\"left\">0,45<\/td>\n<td align=\"left\">0,54<\/td>\n<td align=\"left\">0,57<\/td>\n<td align=\"left\">0,32<\/td>\n<td align=\"left\">0,41<\/td>\n<td align=\"left\">0,50<\/td>\n<td align=\"left\">0,52<\/td>\n<td align=\"left\">0,29<\/td>\n<td align=\"left\">\u00a00,38<\/td>\n<td align=\"left\">0,46<\/td>\n<td align=\"left\">0,48<\/td>\n<td align=\"left\">0,24<\/td>\n<td align=\"left\">0,32<\/td>\n<td align=\"left\">0,39<\/td>\n<td align=\"left\">0,41<\/td>\n<\/tr>\n<\/tbody>\n<\/table>\n<\/div>\n<p>\n<p>&nbsp;<\/p>\n<p><strong>formatura tronco-conica<\/strong><br \/>\nIl trapezio viene sottoposto a formatura a tronco di cono utilizzando pressepiegatrici asservite da manipolatori automatici a controllo numerico.<br \/>\n<strong>saldatura<\/strong><br \/>\nI lembi del tronco di cono vengono uniti longitudinalmente mediante procedimenti di saldatura automatici e manuali.<br \/>\nLe saldature vengono effettuate nel rispetto di specifiche tecniche di lavorazione (WSP) conformi alle norme UNI EN<br \/>\nISO 15609-2 ed adottando procedimenti qualificati (WPAR) conformi alle norme UNI EN ISO 15614-1. Tutti gli addetti alla saldatura sono qualificati con patentino secondo le norme UNI EN 1418 e 287-1 e sono supportati e controllati da supervisiore con qualifiche internazionali (International Welding Engineer). A tale proposito la saldatura \u00e8 sottoposta a controllo visivo (VT) eseguito da personale qualificato nel rispetto della norma UNI EN 473.<br \/>\n<strong>tolleranze dimensionali<\/strong><br \/>\nLe tolleranze di lavorazione sono conformi alla norma UNI EN 40-2.<br \/>\n<strong>finitura<\/strong><br \/>\nConclusa la fase di saldatura il palo viene sottoposto a specifiche lavorazioni alla base (es. asole) ed in punta (es. calibratura).<br \/>\n<strong>zincatura<\/strong><br \/>\nLa protezione superficiale, interna ed esterna, \u00e8 assicurata mediante un processo di zincatura a caldo, effettuato per<br \/>\nimmersione in un bagno di zinco fuso, previo decapaggio teso ad eliminare ogni scoria ed impurit\u00e0. Il processo di zincatura<br \/>\n\u00e8 realizzato in conformit\u00e0 alla norma UNI EN ISO 1461 o, a richiesta, in conformit\u00e0 alla norma CEI 7-6 fascicolo<br \/>\nn.239. Per ragioni di estetica tese a favorire l\u2019inserimento del palo all\u2019interno del contesto urbano o per l\u2019esigenza di rafforzare la protezione contro l\u2019azione degli agenti atmosferici, il palo, su richiesta, pu\u00f2 essere sottoposto ad un ciclo di verniciatura.<br \/>\n<strong>materiali<\/strong><br \/>\nI pali sono realizzati utilizzando lamiera in acciaio S235JR (Fe 360B) con caratteristiche meccaniche conformi alla norma UNI EN 10025.<br \/>\n<strong>collaudi<\/strong><br \/>\nOgni fase di lavorazione \u00e8 sottoposta a controllo costante da parte degli addetti che operano sotto la supervisione del<br \/>\nresponsabile di reparto che risponde direttamente all\u2019Ufficio Controllo Qualit\u00e0.<\/p>\n","protected":false},"excerpt":{"rendered":"<p lang=\"it-IT\"><span style=\"font-family: Times New Roman, serif;\"><span style=\"font-size: medium;\"><span style=\"font-family: Arial, serif;\"><span style=\"font-size: small;\"><span lang=\"en-US\">The metal coil is flattened by a combined &#8220;straightening-flattening&#8221; system, with edge trimming<\/span><\/span><\/span> <span style=\"font-family: Arial, serif;\"><span style=\"font-size: small;\"><span lang=\"en-US\">to eliminate the oxidized and \/ or deformed parts, cut in length by a &#8220;slitter&#8221; and diagonally by a &#8220;roller cutters&#8221;.<\/span><\/span><\/span> <\/span><\/span><\/p>\n","protected":false},"featured_media":20460,"template":"","meta":[],"product_brand":[],"product_cat":[198,257],"product_tag":[],"class_list":{"0":"post-20459","1":"product","2":"type-product","3":"status-publish","4":"has-post-thumbnail","6":"product_cat-conical-poles-from-sheet-metal-to-octagonal-section-en","7":"product_cat-street-lighting-poles-en","9":"first","10":"instock","11":"taxable","12":"shipping-taxable","13":"product-type-simple"},"_links":{"self":[{"href":"https:\/\/www.siderpali.net\/en\/wp-json\/wp\/v2\/product\/20459","targetHints":{"allow":["GET"]}}],"collection":[{"href":"https:\/\/www.siderpali.net\/en\/wp-json\/wp\/v2\/product"}],"about":[{"href":"https:\/\/www.siderpali.net\/en\/wp-json\/wp\/v2\/types\/product"}],"wp:featuredmedia":[{"embeddable":true,"href":"https:\/\/www.siderpali.net\/en\/wp-json\/wp\/v2\/media\/20460"}],"wp:attachment":[{"href":"https:\/\/www.siderpali.net\/en\/wp-json\/wp\/v2\/media?parent=20459"}],"wp:term":[{"taxonomy":"product_brand","embeddable":true,"href":"https:\/\/www.siderpali.net\/en\/wp-json\/wp\/v2\/product_brand?post=20459"},{"taxonomy":"product_cat","embeddable":true,"href":"https:\/\/www.siderpali.net\/en\/wp-json\/wp\/v2\/product_cat?post=20459"},{"taxonomy":"product_tag","embeddable":true,"href":"https:\/\/www.siderpali.net\/en\/wp-json\/wp\/v2\/product_tag?post=20459"}],"curies":[{"name":"wp","href":"https:\/\/api.w.org\/{rel}","templated":true}]}}