{"id":21162,"date":"2018-06-26T12:43:27","date_gmt":"2018-06-26T12:43:29","guid":{"rendered":"http:\/\/www.siderpali.net\/?post_type=product&#038;p=21162"},"modified":"2018-06-26T12:51:19","modified_gmt":"2018-06-26T12:51:19","slug":"tapered-hsp-hot-rolled-poles-with-double-arm-prs-0102","status":"publish","type":"product","link":"https:\/\/www.siderpali.net\/en\/product\/tapered-hsp-hot-rolled-poles-with-double-arm-prs-0102\/","title":{"rendered":"Tapered HSP hot rolled poles with double arm PRS 0102"},"content":{"rendered":"<\/p>\n<div class=\"table-1\">\n<table style=\"height: 30px;\" width=\"818\">\n<thead>\n<tr>\n<th align=\"left\">L mm<\/th>\n<th align=\"left\">H mm<\/th>\n<th align=\"left\">D mm<\/th>\n<th align=\"left\">\u00a0d mm<\/th>\n<th align=\"left\">sp mm<\/th>\n<th align=\"left\">P Kg<\/th>\n<th align=\"left\">\u00a0S m<sup>2<\/sup><\/th>\n<th align=\"left\">\u00d8 mm<\/th>\n<th align=\"left\">i mm<\/th>\n<th align=\"left\">I mm<\/th>\n<th align=\"left\">p mm<\/th>\n<\/tr>\n<\/thead>\n<tbody>\n<tr>\n<td align=\"left\">8000<\/td>\n<td align=\"left\">7200<\/td>\n<td align=\"left\">152,4<\/td>\n<td align=\"left\">80<\/td>\n<td align=\"left\">4,0<\/td>\n<td align=\"left\">106<\/td>\n<td align=\"left\">3,16<\/td>\n<td align=\"left\">350<\/td>\n<td align=\"left\">1000<\/td>\n<td align=\"left\">1100<\/td>\n<td align=\"left\">800<\/td>\n<\/tr>\n<\/tbody>\n<\/table>\n<\/div>\n<p>\n<p>&nbsp;<\/p>\n<p><strong>TAVOLA DI PORTATA<br \/>\nSuperficie massima esposta al vento in funzione della zona e della categoria di esposizione (m<sup>2<\/sup>)<br \/>\n<\/strong><\/p>\n<\/p>\n<div class=\"table-1\">\n<table style=\"height: 30px;\" width=\"818\">\n<thead>\n<tr>\n<th align=\"left\">codice<\/th>\n<th align=\"left\">w mm<\/th>\n<th align=\"left\">h1D mm<\/th>\n<th align=\"left\">r mm<\/th>\n<th align=\"left\">d mm<\/th>\n<th align=\"left\">sp<\/th>\n<th align=\"left\">\u00a0P Kg<\/th>\n<th align=\"left\">\u03b1\u00b0<\/th>\n<th align=\"left\">descrizione<\/th>\n<th align=\"left\">Cod<\/th>\n<\/tr>\n<\/thead>\n<tbody>\n<tr>\n<td align=\"left\">MDI 1000\/1000\/05<\/td>\n<td align=\"left\">1000<\/td>\n<td align=\"left\">1000<\/td>\n<td align=\"left\">500<\/td>\n<td align=\"left\">60<\/td>\n<td align=\"left\">3<\/td>\n<td align=\"left\">15<\/td>\n<td align=\"left\">5<\/td>\n<td align=\"left\">sbraccio curvo doppio tipo 1<\/td>\n<td align=\"left\">d1<\/td>\n<\/tr>\n<tr>\n<td align=\"left\">MDI 1500\/1000\/05<\/td>\n<td align=\"left\">1500<\/td>\n<td align=\"left\">1000<\/td>\n<td align=\"left\">500<\/td>\n<td align=\"left\">60<\/td>\n<td align=\"left\">3<\/td>\n<td align=\"left\">18<\/td>\n<td align=\"left\">5<\/td>\n<td align=\"left\">sbraccio curvo doppio tipo 2<\/td>\n<td align=\"left\">d2<\/td>\n<\/tr>\n<tr>\n<td align=\"left\">MDI 1500\/1500\/05<\/td>\n<td align=\"left\">1500<\/td>\n<td align=\"left\">1500<\/td>\n<td align=\"left\">500<\/td>\n<td align=\"left\">60<\/td>\n<td align=\"left\">3<\/td>\n<td align=\"left\">21<\/td>\n<td align=\"left\">5<\/td>\n<td align=\"left\">sbraccio curvo doppio tipo 3<\/td>\n<td align=\"left\">d3<\/td>\n<\/tr>\n<tr>\n<td align=\"left\">MDI 1500\/1500\/10<\/td>\n<td align=\"left\">1500<\/td>\n<td align=\"left\">1500<\/td>\n<td align=\"left\">1000<\/td>\n<td align=\"left\">60<\/td>\n<td align=\"left\">3<\/td>\n<td align=\"left\">21<\/td>\n<td align=\"left\">5<\/td>\n<td align=\"left\">sbraccio curvo doppio tipo 4<\/td>\n<td align=\"left\">d3<\/td>\n<\/tr>\n<\/tbody>\n<\/table>\n<\/div>\n<p>&nbsp;<\/p>\n<p>\n<\/p>\n<div class=\"table-1\">\n<table style=\"height: 20px;\" width=\"150\">\n<thead>\n<tr>\n<th class=\"th-custom\" colspan=\"4\" align=\"center\">zona 1 (max 1000 m s.l.m.)<br \/>\nzona 2 (max 750 m s.l.m.)<br \/>\nVref0 25 m\/s<\/th>\n<th class=\"th-custom\" colspan=\"4\" align=\"center\">zona 3 (max 500 m s.l.m.)<br \/>\nVref0 27 m\/s<\/th>\n<th class=\"th-custom\" colspan=\"4\" align=\"center\">zona 4-6 (max 500 m s.l.m.)<br \/>\nzona 5 (max 750 m s.l.m.)<br \/>\nVref0 28 m\/s<\/th>\n<th class=\"th-custom\" colspan=\"4\" align=\"center\">zona 7 (max 1000 m s.l.m.)<br \/>\nVref0 29 m\/s<\/th>\n<th class=\"th-custom\" colspan=\"4\" align=\"center\">zona 8 (max 1500 m s.l.m.)<br \/>\nzona 9 (max 500 m s.l.m.)<br \/>\nVref0 31 m\/s<\/th>\n<\/tr>\n<tr>\n<th align=\"center\">I<\/th>\n<th align=\"center\">II<\/th>\n<th align=\"center\">III<\/th>\n<th align=\"center\">IV<\/th>\n<th align=\"center\">I<\/th>\n<th align=\"center\">II<\/th>\n<th align=\"center\">III<\/th>\n<th align=\"center\">IV<\/th>\n<th align=\"center\">I<\/th>\n<th align=\"center\">II<\/th>\n<th align=\"center\">III<\/th>\n<th align=\"center\">IV<\/th>\n<th align=\"center\">I<\/th>\n<th align=\"center\">II<\/th>\n<th align=\"center\">III<\/th>\n<th align=\"center\">IV<\/th>\n<th align=\"center\">I<\/th>\n<th align=\"center\">II<\/th>\n<th align=\"center\">III<\/th>\n<th align=\"center\">IV<\/th>\n<\/tr>\n<\/thead>\n<tbody>\n<tr>\n<td align=\"left\">\u00a0d3<\/td>\n<td align=\"left\">d3<\/td>\n<td align=\"left\">d3<\/td>\n<td align=\"left\">d3<\/td>\n<td align=\"left\">d3<\/td>\n<td align=\"left\">d3<\/td>\n<td align=\"left\">d3<\/td>\n<td align=\"left\">d3<\/td>\n<td align=\"left\">d3<\/td>\n<td align=\"left\">d3<\/td>\n<td align=\"left\">d3<\/td>\n<td align=\"left\">d3<\/td>\n<td align=\"left\">d3<\/td>\n<td align=\"left\">d3<\/td>\n<td align=\"left\">d3<\/td>\n<td align=\"left\">d3<\/td>\n<td align=\"left\">d2<\/td>\n<td align=\"left\">d3<\/td>\n<td align=\"left\">d3<\/td>\n<td align=\"left\">d3<\/td>\n<\/tr>\n<\/tbody>\n<\/table>\n<\/div>\n<p>\n<p>&nbsp;<\/p>\n<p><strong>Superficie esterna<\/strong><br \/>\nIl processo di laminazione consente di ottenere un prodotto esteticamente molto pregiato in quanto privo di saldatura<br \/>\nesterna; la superficie del palo appare alla vista perfettamente uniforme.<br \/>\nprestazioni<br \/>\nL\u2019acciaio impiegato e l\u2019incremento degli spessori dovuto alla lavorazione a caldo, (dalla base alla sommit\u00e0) conferiscono<br \/>\nal palo prestazioni superiori. In presenza di forte ventosit\u00e0 le oscillazioni sono pertanto ridotte al minimo con notevoli<br \/>\nbenefici per la durata del corpo illuminante e l\u2019effetto di trasmettere una tangibile \u201csensazione di sicurezza e di stabilit\u00e0\u201d.<\/p>\n<p><strong>Tolleranze<\/strong><br \/>\nLe tolleranze di lavorazione sono conformi alla norma UNI EN 40-2.<\/p>\n<p><strong>Finitura<\/strong><br \/>\nConclusa la fase di laminazione il palo viene sottoposto a specifiche lavorazioni alla base (es. asole) ed in punta (es. calibratura).<\/p>\n<p><strong>Zincatura<\/strong><br \/>\nLa protezione superficiale, interna ed esterna, \u00e8 assicurata mediante un processo di zincatura a caldo, effettuato per<br \/>\nimmersione in bagno di zinco fuso, previo decapaggio teso ad eliminare ogni scoria ed impurit\u00e0. Il processo di zincatura<br \/>\n\u00e8 realizzato in conformit\u00e0 alla norma UNI EN ISO 1461 o, a richiesta, in conformit\u00e0 alla norma CEI 7-6 fascicolo n. 239.<br \/>\nPer ragioni di estetica tese a favorire l\u2019inserimento del palo all\u2019interno del contesto urbano o per l\u2019esigenza di rafforzare<br \/>\nla protezione contro l\u2019azione degli agenti atmosferici, il palo, su richiesta, pu\u00f2 essere sottoposto ad un ciclo di verniciatura.<\/p>\n<p><strong>Materiali<\/strong><br \/>\nI pali sono realizzati utilizzando tubi in acciaio normalizzato S275JR (Fe 430B) con caratteristiche meccaniche conformi<br \/>\nalla norma UNI EN 10025.<\/p>\n<p><strong>Collaudi<\/strong><br \/>\nOgni fase di lavorazione \u00e8 sottoposta a controllo costante da parte degli addetti che operano sotto la super- visione<br \/>\ndel Responsabile di reparto che risponde direttamente all\u2019Ufficio Controllo Qualit\u00e0<\/p>\n","protected":false},"excerpt":{"rendered":"<p lang=\"it-IT\"><span style=\"font-family: Times New Roman, serif;\"><span style=\"font-size: medium;\"><span style=\"font-family: Arial, serif;\"><span style=\"font-size: small;\"><span lang=\"en-US\">The HSP pole is obtained by hot rolling S275JR UNI EN 10025 steel pipe, welded at high frequency<\/span><\/span><\/span> <span style=\"font-family: Arial, serif;\"><span style=\"font-size: small;\"><span lang=\"en-US\">ERW (<\/span><\/span><\/span> <span style=\"font-family: Arial, serif;\"><span style=\"font-size: small;\"><span lang=\"en-US\">Electrical<\/span><\/span><\/span> <span style=\"font-family: Arial, serif;\"><span style=\"font-size: small;\"><span lang=\"en-US\">resistance<\/span><\/span><\/span> <span style=\"font-family: Arial, serif;\"><span style=\"font-size: small;\"><span lang=\"en-US\">welded<\/span><\/span><\/span> <span style=\"font-family: Arial, serif;\"><span style=\"font-size: small;\"><span lang=\"en-US\">) according to the UNI 7091\/72 standards.The pipe is laminated at a temperature of 700\u00b0C; the process, entirely managed by numerical control, is aimed at increasing the mechanical characteristics of the steel.<\/span><\/span><\/span><\/span><\/span><\/p>\n","protected":false},"featured_media":20655,"template":"","meta":[],"product_brand":[],"product_cat":[257,218],"product_tag":[],"class_list":{"0":"post-21162","1":"product","2":"type-product","3":"status-publish","4":"has-post-thumbnail","6":"product_cat-street-lighting-poles-en","7":"product_cat-tapered-hsp-hot-rolled-poles-en","9":"first","10":"instock","11":"taxable","12":"shipping-taxable","13":"product-type-simple"},"_links":{"self":[{"href":"https:\/\/www.siderpali.net\/en\/wp-json\/wp\/v2\/product\/21162","targetHints":{"allow":["GET"]}}],"collection":[{"href":"https:\/\/www.siderpali.net\/en\/wp-json\/wp\/v2\/product"}],"about":[{"href":"https:\/\/www.siderpali.net\/en\/wp-json\/wp\/v2\/types\/product"}],"wp:featuredmedia":[{"embeddable":true,"href":"https:\/\/www.siderpali.net\/en\/wp-json\/wp\/v2\/media\/20655"}],"wp:attachment":[{"href":"https:\/\/www.siderpali.net\/en\/wp-json\/wp\/v2\/media?parent=21162"}],"wp:term":[{"taxonomy":"product_brand","embeddable":true,"href":"https:\/\/www.siderpali.net\/en\/wp-json\/wp\/v2\/product_brand?post=21162"},{"taxonomy":"product_cat","embeddable":true,"href":"https:\/\/www.siderpali.net\/en\/wp-json\/wp\/v2\/product_cat?post=21162"},{"taxonomy":"product_tag","embeddable":true,"href":"https:\/\/www.siderpali.net\/en\/wp-json\/wp\/v2\/product_tag?post=21162"}],"curies":[{"name":"wp","href":"https:\/\/api.w.org\/{rel}","templated":true}]}}